{"id":43,"date":"2022-08-23T21:15:17","date_gmt":"2022-08-23T21:15:17","guid":{"rendered":"https:\/\/luismaseda.com\/fma\/?page_id=43"},"modified":"2022-08-25T22:41:43","modified_gmt":"2022-08-25T22:41:43","slug":"torneos","status":"publish","type":"page","link":"https:\/\/luismaseda.com\/fma\/torneos\/","title":{"rendered":"Torneos"},"content":{"rendered":"<h2>NOVIEMBRE 2022<\/h2>\n<ul>\n<li><a href=\"http:\/\/www.ajedrezfma.com\/fma\/torneos\/2022\/22_trescantosrapido.pdf\" target=\"_blank\" rel=\"noopener\">Torneo de Ajedrez R\u00e1pido Tres Cantos 2022 &#8211; I Circuito de Ajedrez R\u00e1pido Comunidad de Madrid<\/a><\/li>\n<\/ul>\n<h2>OCTUBRE 2022<\/h2>\n<ul>\n<li><a href=\"http:\/\/www.ajedrezfma.com\/fma\/torneos\/2022\/22_mostolesrapido.pdf\" target=\"_blank\" rel=\"noopener\">Torneo de Ajedrez R\u00e1pido M\u00f3stoles 2022 &#8211; I Circuito de Ajedrez R\u00e1pido Comunidad de Madrid<\/a><\/li>\n<li><a href=\"http:\/\/www.ajedrezfma.com\/fma\/torneos\/2022\/22_moratalazrapido.pdf\" target=\"_blank\" rel=\"noopener\">Torneo de Ajedrez R\u00e1pido Moratalaz 2022 &#8211; I Circuito de Ajedrez R\u00e1pido Comunidad de Madrid<\/a><\/li>\n<li><a href=\"http:\/\/www.ajedrezfma.com\/fma\/torneos\/2022\/22_homenajemanuelalvarez.pdf\" target=\"_blank\" rel=\"noopener\">Torneo de Ajedrez de rapidas Homenaje a Manuel Alvarez 2022<\/a><\/li>\n<\/ul>\n<h2>SEPTIEMBRE 2022<\/h2>\n<ul>\n<li><a href=\"http:\/\/www.ajedrezfma.com\/fma\/torneos\/2022\/22_sevillalanuevarapido2.pdf\" target=\"_blank\" rel=\"noopener\">2. Torneo de Ajedrez R\u00e1pido Sevilla la Nueva 2022 &#8211; I Circuito de Ajedrez R\u00e1pido Comunidad de Madrid<\/a><\/li>\n<li><a href=\"http:\/\/www.ajedrezfma.com\/fma\/torneos\/2022\/22_sevillalanuevaaficionados.pdf\" target=\"_blank\" rel=\"noopener\">I Torneo de Ajedrez para Aficionados Sevilla la Nueva 2022<\/a><\/li>\n<li><a href=\"http:\/\/www.ajedrezfma.com\/fma\/torneos\/2022\/22_faustinoriosmem.pdf\" target=\"_blank\" rel=\"noopener\">I Torneo Memorial Faustino Rios-Gambito de Parla 2022<\/a><\/li>\n<li><a href=\"http:\/\/Torneo Fiestas Ciudad de Fuenlabrada 2022\" target=\"_blank\" rel=\"noopener\">Torneo Fiestas Ciudad de Fuenlabrada 2022<\/a><\/li>\n<li><a href=\"http:\/\/2. Torneo Alumni UCM de Ajedrez 2022\" target=\"_blank\" rel=\"noopener\">2. Torneo Alumni UCM de Ajedrez 2022<\/a><\/li>\n<li><a href=\"http:\/\/I Torneo Internacional de R\u00e1pidas Ciudad de Daroca 2022\" target=\"_blank\" rel=\"noopener\">I Torneo Internacional de R\u00e1pidas Ciudad de Daroca 2022<\/a><\/li>\n<li><a href=\"http:\/\/www.ajedrezfma.com\/fma\/torneos\/2022\/22_aranjuez.pdf\" target=\"_blank\" rel=\"noopener\">Torneo Internacional Villa de Aranjuez 2022<\/a><\/li>\n<li><a href=\"http:\/\/www.ajedrezfma.com\/fma\/torneos\/2022\/22_navalcarnerofiestas.pdf\" target=\"_blank\" rel=\"noopener\">2. Torneo Fiestas Patronales Navalcarnero 2022<\/a><\/li>\n<li><a href=\"http:\/\/www.ajedrezfma.com\/fma\/torneos\/2022\/22_navalcarnerofiestasinf.pdf\" target=\"_blank\" rel=\"noopener\">2. Torneo Fiestas Patronales Navalcarnero 2022 &#8211; Categor\u00eda Infantil<\/a><\/li>\n<\/ul>\n<h2>AGOSTO 2022<\/h2>\n<ul>\n<li><a href=\"http:\/\/www.ajedrezfma.com\/fma\/torneos\/2022\/22_escorial.pdf\" target=\"_blank\" rel=\"noopener\">39. Torneo Abierto San Lorenzo de El Escorial 2022<\/a><\/li>\n<li><a href=\"http:\/\/www.ajedrezfma.com\/fma\/torneos\/2022\/22_grupogallinero.pdf\" target=\"_blank\" rel=\"noopener\">I Open Internacional Grupo Gallinero 2022<\/a><\/li>\n<li><a href=\"http:\/\/xakeortuella.com\/xiii-open-internacional-de-ajedrez-ciudad-de-medina-de-pomar-domingo-7-de-agosto-de-2022\/\" target=\"_blank\" rel=\"noopener\">13. Torneo Ciudad de Medina de Pomar 2022<\/a><\/li>\n<\/ul>\n","protected":false},"excerpt":{"rendered":"<p>NOVIEMBRE 2022 Torneo de Ajedrez R\u00e1pido Tres Cantos 2022 &#8211; I Circuito de Ajedrez R\u00e1pido Comunidad de Madrid OCTUBRE 2022 Torneo de Ajedrez R\u00e1pido M\u00f3stoles 2022 &#8211; I Circuito de Ajedrez R\u00e1pido Comunidad de Madrid Torneo de Ajedrez R\u00e1pido Moratalaz 2022 &#8211; I Circuito de Ajedrez R\u00e1pido Comunidad de Madrid Torneo de Ajedrez de rapidas&#8230;<\/p>\n","protected":false},"author":1,"featured_media":0,"parent":0,"menu_order":0,"comment_status":"closed","ping_status":"closed","template":"","meta":{"_uag_custom_page_level_css":"","_kadence_starter_templates_imported_post":false,"_kad_post_transparent":"","_kad_post_title":"","_kad_post_layout":"","_kad_post_sidebar_id":"","_kad_post_content_style":"","_kad_post_vertical_padding":"","_kad_post_feature":"","_kad_post_feature_position":"","_kad_post_header":false,"_kad_post_footer":false,"footnotes":""},"class_list":["post-43","page","type-page","status-publish","hentry"],"uagb_featured_image_src":{"full":false,"thumbnail":false,"medium":false,"medium_large":false,"large":false,"1536x1536":false,"2048x2048":false},"uagb_author_info":{"display_name":"admin","author_link":"https:\/\/luismaseda.com\/fma\/author\/admin\/"},"uagb_comment_info":0,"uagb_excerpt":"NOVIEMBRE 2022 Torneo de Ajedrez R\u00e1pido Tres Cantos 2022 &#8211; I Circuito de Ajedrez R\u00e1pido Comunidad de Madrid OCTUBRE 2022 Torneo de Ajedrez R\u00e1pido M\u00f3stoles 2022 &#8211; I Circuito de Ajedrez R\u00e1pido Comunidad de Madrid Torneo de Ajedrez R\u00e1pido Moratalaz 2022 &#8211; I Circuito de Ajedrez R\u00e1pido Comunidad de Madrid Torneo de Ajedrez de rapidas...","_links":{"self":[{"href":"https:\/\/luismaseda.com\/fma\/wp-json\/wp\/v2\/pages\/43","targetHints":{"allow":["GET"]}}],"collection":[{"href":"https:\/\/luismaseda.com\/fma\/wp-json\/wp\/v2\/pages"}],"about":[{"href":"https:\/\/luismaseda.com\/fma\/wp-json\/wp\/v2\/types\/page"}],"author":[{"embeddable":true,"href":"https:\/\/luismaseda.com\/fma\/wp-json\/wp\/v2\/users\/1"}],"replies":[{"embeddable":true,"href":"https:\/\/luismaseda.com\/fma\/wp-json\/wp\/v2\/comments?post=43"}],"version-history":[{"count":7,"href":"https:\/\/luismaseda.com\/fma\/wp-json\/wp\/v2\/pages\/43\/revisions"}],"predecessor-version":[{"id":84,"href":"https:\/\/luismaseda.com\/fma\/wp-json\/wp\/v2\/pages\/43\/revisions\/84"}],"wp:attachment":[{"href":"https:\/\/luismaseda.com\/fma\/wp-json\/wp\/v2\/media?parent=43"}],"curies":[{"name":"wp","href":"https:\/\/api.w.org\/{rel}","templated":true}]}}