{"id":272,"date":"2022-09-21T18:13:19","date_gmt":"2022-09-21T18:13:19","guid":{"rendered":"https:\/\/luismaseda.com\/fma\/?page_id=272"},"modified":"2022-09-21T19:28:05","modified_gmt":"2022-09-21T19:28:05","slug":"webs-oficiales","status":"publish","type":"page","link":"https:\/\/luismaseda.com\/fma\/webs-oficiales\/","title":{"rendered":"Webs Oficiales"},"content":{"rendered":"\n<ul class=\"wp-block-list\"><li><a rel=\"noreferrer noopener\" href=\"https:\/\/www.fide.com\/\" target=\"_blank\">FIDE &#8211; Federaci\u00f3n Internacional de Ajedrez<\/a><\/li><li><a rel=\"noreferrer noopener\" href=\"https:\/\/www.europechess.org\/\" target=\"_blank\">European Chess Union<\/a><\/li><li><a rel=\"noreferrer noopener\" href=\"https:\/\/feda.org\/\" target=\"_blank\">FEDA &#8211; Federaci\u00f3n Espa\u00f1ola de Ajedrez<\/a><\/li><li><a rel=\"noreferrer noopener\" href=\"https:\/\/www.iccf.com\/\" target=\"_blank\">ICCF &#8211; International Correspondence Chess Federation<\/a><\/li><li>Espa\u00f1a<ul><li><a rel=\"noreferrer noopener\" href=\"https:\/\/www.facebook.com\/fadajedrez\" target=\"_blank\">Federaci\u00f3n Alavesa de Ajedrez<\/a><\/li><li><a rel=\"noreferrer noopener\" href=\"https:\/\/www.fadajedrez.com\/\" target=\"_blank\">Federaci\u00f3n Andaluza de Ajedrez<\/a><\/li><li><a rel=\"noreferrer noopener\" href=\"http:\/\/www.ajedrezaragon.es\/\" target=\"_blank\">Federaci\u00f3n Aragonesa de Ajedrez<\/a><\/li><\/ul><ul><li><a rel=\"noreferrer noopener\" href=\"http:\/\/federacioncanariadeajedrez.com\/\" target=\"_blank\">Federaci\u00f3n Canaria de Ajedrez<\/a><\/li><li><a rel=\"noreferrer noopener\" href=\"https:\/\/www.fcajedrez.es\/\" target=\"_blank\">Federaci\u00f3n C\u00e1ntabra de Ajedrez<\/a><\/li><li><a rel=\"noreferrer noopener\" href=\"https:\/\/escacs.cat\/\" target=\"_blank\">Federaci\u00f3n Catalana de Ajedrez<\/a><\/li><li><a rel=\"noreferrer noopener\" href=\"https:\/\/www.facebook.com\/fecla.es\/\" target=\"_blank\">Federaci\u00f3n de Ajedrez de Castilla y Le\u00f3n<\/a><\/li><li><a rel=\"noreferrer noopener\" href=\"https:\/\/www.faclm.org\/\" target=\"_blank\">Federaci\u00f3n de Ajedrez de Castilla-La Mancha<\/a><\/li><li><a rel=\"noreferrer noopener\" href=\"https:\/\/www.facv.org\/\" target=\"_blank\">Federaci\u00f3n de Ajedrez de la Comunidad Valenciana<\/a><\/li><li><a rel=\"noreferrer noopener\" href=\"https:\/\/www.ajedrezastur.es\/\" target=\"_blank\">Federaci\u00f3n de Ajedrez del Principado de Asturias<\/a><\/li><li><a rel=\"noreferrer noopener\" href=\"https:\/\/www.ajedrezenextremadura.org\/\" target=\"_blank\">Federaci\u00f3n Extreme\u00f1a de Ajedrez<\/a><\/li><li><a rel=\"noreferrer noopener\" href=\"https:\/\/www.fegaxa.org\/\" target=\"_blank\">Federaci\u00f3n Gallega de Ajedrez<\/a><\/li><li><a rel=\"noreferrer noopener\" href=\"http:\/\/www.xake.net\/\" target=\"_blank\">Federaci\u00f3n Vasca de Ajedrez<\/a><ul><li><a rel=\"noreferrer noopener\" href=\"http:\/\/www.fgajedrez.org\/\" target=\"_blank\">Federaci\u00f3n Guipuzcoana de Ajedrez<\/a><\/li><li><a rel=\"noreferrer noopener\" href=\"http:\/\/fvda.org\/\" target=\"_blank\">Federaci\u00f3n Vizcaina de Ajedrez<\/a><\/li><\/ul><\/li><\/ul><\/li><\/ul>\n","protected":false},"excerpt":{"rendered":"<p>FIDE &#8211; Federaci\u00f3n Internacional de Ajedrez European Chess Union FEDA &#8211; Federaci\u00f3n Espa\u00f1ola de Ajedrez ICCF &#8211; International Correspondence Chess Federation Espa\u00f1a Federaci\u00f3n Alavesa de Ajedrez Federaci\u00f3n Andaluza de Ajedrez Federaci\u00f3n Aragonesa de Ajedrez Federaci\u00f3n Canaria de Ajedrez Federaci\u00f3n C\u00e1ntabra de Ajedrez Federaci\u00f3n Catalana de Ajedrez Federaci\u00f3n de Ajedrez de Castilla y Le\u00f3n Federaci\u00f3n de&#8230;<\/p>\n","protected":false},"author":1,"featured_media":0,"parent":0,"menu_order":0,"comment_status":"closed","ping_status":"closed","template":"","meta":{"_uag_custom_page_level_css":"","_kadence_starter_templates_imported_post":false,"_kad_post_transparent":"","_kad_post_title":"","_kad_post_layout":"","_kad_post_sidebar_id":"","_kad_post_content_style":"","_kad_post_vertical_padding":"","_kad_post_feature":"","_kad_post_feature_position":"","_kad_post_header":false,"_kad_post_footer":false,"footnotes":""},"class_list":["post-272","page","type-page","status-publish","hentry"],"uagb_featured_image_src":{"full":false,"thumbnail":false,"medium":false,"medium_large":false,"large":false,"1536x1536":false,"2048x2048":false},"uagb_author_info":{"display_name":"admin","author_link":"https:\/\/luismaseda.com\/fma\/author\/admin\/"},"uagb_comment_info":0,"uagb_excerpt":"FIDE &#8211; Federaci\u00f3n Internacional de Ajedrez European Chess Union FEDA &#8211; Federaci\u00f3n Espa\u00f1ola de Ajedrez ICCF &#8211; International Correspondence Chess Federation Espa\u00f1a Federaci\u00f3n Alavesa de Ajedrez Federaci\u00f3n Andaluza de Ajedrez Federaci\u00f3n Aragonesa de Ajedrez Federaci\u00f3n Canaria de Ajedrez Federaci\u00f3n C\u00e1ntabra de Ajedrez Federaci\u00f3n Catalana de Ajedrez Federaci\u00f3n de Ajedrez de Castilla y Le\u00f3n Federaci\u00f3n de...","_links":{"self":[{"href":"https:\/\/luismaseda.com\/fma\/wp-json\/wp\/v2\/pages\/272","targetHints":{"allow":["GET"]}}],"collection":[{"href":"https:\/\/luismaseda.com\/fma\/wp-json\/wp\/v2\/pages"}],"about":[{"href":"https:\/\/luismaseda.com\/fma\/wp-json\/wp\/v2\/types\/page"}],"author":[{"embeddable":true,"href":"https:\/\/luismaseda.com\/fma\/wp-json\/wp\/v2\/users\/1"}],"replies":[{"embeddable":true,"href":"https:\/\/luismaseda.com\/fma\/wp-json\/wp\/v2\/comments?post=272"}],"version-history":[{"count":7,"href":"https:\/\/luismaseda.com\/fma\/wp-json\/wp\/v2\/pages\/272\/revisions"}],"predecessor-version":[{"id":336,"href":"https:\/\/luismaseda.com\/fma\/wp-json\/wp\/v2\/pages\/272\/revisions\/336"}],"wp:attachment":[{"href":"https:\/\/luismaseda.com\/fma\/wp-json\/wp\/v2\/media?parent=272"}],"curies":[{"name":"wp","href":"https:\/\/api.w.org\/{rel}","templated":true}]}}