{"id":173,"date":"2022-09-20T17:06:38","date_gmt":"2022-09-20T17:06:38","guid":{"rendered":"https:\/\/luismaseda.com\/fma\/?page_id=173"},"modified":"2022-09-20T17:44:41","modified_gmt":"2022-09-20T17:44:41","slug":"liga-2022-2023-primera-a","status":"publish","type":"page","link":"https:\/\/luismaseda.com\/fma\/liga-2022-2023-primera-a\/","title":{"rendered":"Liga Madrile\u00f1a 2022-2023 \u2013 Primera A"},"content":{"rendered":"\n<h2 class=\"wp-block-heading\">Convocatoria<\/h2>\n\n\n\n<p>Inscripci\u00f3n de equipos con presentaci\u00f3n de \u00d3rdenes de Fuerza incluidos: Del 17 de octubre al 10 de noviembre de 2022.<\/p>\n\n\n\n<p>Ritmo de juego: 90 minutos + 30 segundos adicionales por jugada.<\/p>\n\n\n\n<p>D\u00edas de juego (domingos):<\/p>\n\n\n\n<ul class=\"wp-block-list\"><li>27 de noviembre de 2022<\/li><li>11, 18 de diciembre de 2022<\/li><li>15, 22, 29 de enero de 2023<\/li><li>5, 12, 19, 26 de febrero de 2023<\/li><li>5, 12 y 19 de marzo de 2023.<\/li><\/ul>\n","protected":false},"excerpt":{"rendered":"<p>Convocatoria Inscripci\u00f3n de equipos con presentaci\u00f3n de \u00d3rdenes de Fuerza incluidos: Del 17 de octubre al 10 de noviembre de 2022. Ritmo de juego: 90 minutos + 30 segundos adicionales por jugada. D\u00edas de juego (domingos): 27 de noviembre de 2022 11, 18 de diciembre de 2022 15, 22, 29 de enero de 2023 5,&#8230;<\/p>\n","protected":false},"author":1,"featured_media":0,"parent":0,"menu_order":0,"comment_status":"closed","ping_status":"closed","template":"","meta":{"_uag_custom_page_level_css":"","_kadence_starter_templates_imported_post":false,"_kad_post_transparent":"","_kad_post_title":"","_kad_post_layout":"","_kad_post_sidebar_id":"","_kad_post_content_style":"","_kad_post_vertical_padding":"","_kad_post_feature":"","_kad_post_feature_position":"","_kad_post_header":false,"_kad_post_footer":false,"footnotes":""},"class_list":["post-173","page","type-page","status-publish","hentry"],"uagb_featured_image_src":{"full":false,"thumbnail":false,"medium":false,"medium_large":false,"large":false,"1536x1536":false,"2048x2048":false},"uagb_author_info":{"display_name":"admin","author_link":"https:\/\/luismaseda.com\/fma\/author\/admin\/"},"uagb_comment_info":0,"uagb_excerpt":"Convocatoria Inscripci\u00f3n de equipos con presentaci\u00f3n de \u00d3rdenes de Fuerza incluidos: Del 17 de octubre al 10 de noviembre de 2022. Ritmo de juego: 90 minutos + 30 segundos adicionales por jugada. D\u00edas de juego (domingos): 27 de noviembre de 2022 11, 18 de diciembre de 2022 15, 22, 29 de enero de 2023 5,...","_links":{"self":[{"href":"https:\/\/luismaseda.com\/fma\/wp-json\/wp\/v2\/pages\/173","targetHints":{"allow":["GET"]}}],"collection":[{"href":"https:\/\/luismaseda.com\/fma\/wp-json\/wp\/v2\/pages"}],"about":[{"href":"https:\/\/luismaseda.com\/fma\/wp-json\/wp\/v2\/types\/page"}],"author":[{"embeddable":true,"href":"https:\/\/luismaseda.com\/fma\/wp-json\/wp\/v2\/users\/1"}],"replies":[{"embeddable":true,"href":"https:\/\/luismaseda.com\/fma\/wp-json\/wp\/v2\/comments?post=173"}],"version-history":[{"count":2,"href":"https:\/\/luismaseda.com\/fma\/wp-json\/wp\/v2\/pages\/173\/revisions"}],"predecessor-version":[{"id":200,"href":"https:\/\/luismaseda.com\/fma\/wp-json\/wp\/v2\/pages\/173\/revisions\/200"}],"wp:attachment":[{"href":"https:\/\/luismaseda.com\/fma\/wp-json\/wp\/v2\/media?parent=173"}],"curies":[{"name":"wp","href":"https:\/\/api.w.org\/{rel}","templated":true}]}}