{"id":114,"date":"2022-09-10T17:00:45","date_gmt":"2022-09-10T17:00:45","guid":{"rendered":"https:\/\/luismaseda.com\/fma\/?page_id=114"},"modified":"2022-09-10T17:28:10","modified_gmt":"2022-09-10T17:28:10","slug":"temporada-2020-2021","status":"publish","type":"page","link":"https:\/\/luismaseda.com\/fma\/temporada-2020-2021\/","title":{"rendered":"Temporada 2020-2021"},"content":{"rendered":"\n<ul class=\"wp-block-list\"><li>Calendario<\/li><li>Formularios<\/li><li>Individuales<ul><li>Rel\u00e1mpago<\/li><li>Campeonato Individual<ul><li>Previa A<\/li><li>Previa B<\/li><li>Semifinal<\/li><li>Final<\/li><\/ul><\/li><li>Veteranos<\/li><li>Super-Veteranos<\/li><li>Sub-8<\/li><li>R\u00e1pido<\/li><\/ul><\/li><li>Equipos<ul><li>Campeonato de Ajedrez R\u00e1pido por Equipos<ul><li>Listado de clubes<\/li><\/ul><\/li><li>Campeonato sub-16 por Equipos<ul><li>Grupo A<\/li><li>Grupo B<\/li><\/ul><\/li><li>Liga Madrile\u00f1a<ul><li>Listado de clubes<\/li><li>Divisi\u00f3n de Honor<\/li><li>Preferente<\/li><li>Primera \u2013 A<\/li><li>Primera \u2013 B<\/li><li>Segunda \u2013 A<\/li><li>Segunda \u2013 B<\/li><li>Segunda \u2013 C<\/li><li>Segunda \u2013 D<\/li><li>Tercera \u2013 A<\/li><li>Tercera \u2013 B<\/li><\/ul><\/li><\/ul><\/li><li>Auton\u00f3micos<ul><li>Semifinal<\/li><li>Final<\/li><\/ul><\/li><li>Torneos<\/li><li>Online<\/li><li>Juegos Deportivos Municipales<\/li><\/ul>\n","protected":false},"excerpt":{"rendered":"<p>Calendario Formularios Individuales Rel\u00e1mpago Campeonato Individual Previa A Previa B Semifinal Final Veteranos Super-Veteranos Sub-8 R\u00e1pido Equipos Campeonato de Ajedrez R\u00e1pido por Equipos Listado de clubes Campeonato sub-16 por Equipos Grupo A Grupo B Liga Madrile\u00f1a Listado de clubes Divisi\u00f3n de Honor Preferente Primera \u2013 A Primera \u2013 B Segunda \u2013 A Segunda \u2013 B&#8230;<\/p>\n","protected":false},"author":1,"featured_media":0,"parent":0,"menu_order":0,"comment_status":"closed","ping_status":"closed","template":"","meta":{"_uag_custom_page_level_css":"","_kadence_starter_templates_imported_post":false,"_kad_post_transparent":"","_kad_post_title":"","_kad_post_layout":"","_kad_post_sidebar_id":"","_kad_post_content_style":"","_kad_post_vertical_padding":"","_kad_post_feature":"","_kad_post_feature_position":"","_kad_post_header":false,"_kad_post_footer":false,"footnotes":""},"class_list":["post-114","page","type-page","status-publish","hentry"],"uagb_featured_image_src":{"full":false,"thumbnail":false,"medium":false,"medium_large":false,"large":false,"1536x1536":false,"2048x2048":false},"uagb_author_info":{"display_name":"admin","author_link":"https:\/\/luismaseda.com\/fma\/author\/admin\/"},"uagb_comment_info":0,"uagb_excerpt":"Calendario Formularios Individuales Rel\u00e1mpago Campeonato Individual Previa A Previa B Semifinal Final Veteranos Super-Veteranos Sub-8 R\u00e1pido Equipos Campeonato de Ajedrez R\u00e1pido por Equipos Listado de clubes Campeonato sub-16 por Equipos Grupo A Grupo B Liga Madrile\u00f1a Listado de clubes Divisi\u00f3n de Honor Preferente Primera \u2013 A Primera \u2013 B Segunda \u2013 A Segunda \u2013 B...","_links":{"self":[{"href":"https:\/\/luismaseda.com\/fma\/wp-json\/wp\/v2\/pages\/114","targetHints":{"allow":["GET"]}}],"collection":[{"href":"https:\/\/luismaseda.com\/fma\/wp-json\/wp\/v2\/pages"}],"about":[{"href":"https:\/\/luismaseda.com\/fma\/wp-json\/wp\/v2\/types\/page"}],"author":[{"embeddable":true,"href":"https:\/\/luismaseda.com\/fma\/wp-json\/wp\/v2\/users\/1"}],"replies":[{"embeddable":true,"href":"https:\/\/luismaseda.com\/fma\/wp-json\/wp\/v2\/comments?post=114"}],"version-history":[{"count":3,"href":"https:\/\/luismaseda.com\/fma\/wp-json\/wp\/v2\/pages\/114\/revisions"}],"predecessor-version":[{"id":136,"href":"https:\/\/luismaseda.com\/fma\/wp-json\/wp\/v2\/pages\/114\/revisions\/136"}],"wp:attachment":[{"href":"https:\/\/luismaseda.com\/fma\/wp-json\/wp\/v2\/media?parent=114"}],"curies":[{"name":"wp","href":"https:\/\/api.w.org\/{rel}","templated":true}]}}